{"id":1648,"date":"2016-12-09T09:26:12","date_gmt":"2016-12-09T09:26:12","guid":{"rendered":"https:\/\/ilgarofanorosa.com\/contatti\/"},"modified":"2019-01-03T09:57:20","modified_gmt":"2019-01-03T09:57:20","slug":"contact","status":"publish","type":"page","link":"https:\/\/ilgarofanorosa.com\/fr\/contact\/","title":{"rendered":"Contact"},"content":{"rendered":"<div class=\"wpb-content-wrapper\"><p>[vc_row][vc_column][vc_gmaps link=&#8221;#E-8_JTNDaWZyYW1lJTIwc3JjJTNEJTIyaHR0cHMlM0ElMkYlMkZ3d3cuZ29vZ2xlLmNvbSUyRm1hcHMlMkZlbWJlZCUzRnBiJTNEJTIxMW0xOCUyMTFtMTIlMjExbTMlMjExZDI3OTkuMjExNTE0MDc2NzgxNCUyMTJkMTAuOTg2ODk3NzE1NTMwNTI1JTIxM2Q0NS40NDUzOTM2NzkxMDA3MDQlMjEybTMlMjExZjAlMjEyZjAlMjEzZjAlMjEzbTIlMjExaTEwMjQlMjEyaTc2OCUyMTRmMTMuMSUyMTNtMyUyMTFtMiUyMTFzMHg0NzdmNWY1MjFmYzlmNGY5JTI1M0EweDg2ZTZmNmNmN2EyNGEzYmUlMjEyc1ZpYSUyQklWJTJCTm92ZW1icmUlMjUyQyUyQjExJTI1MkMlMkIzNzEyNiUyQlZlcm9uYSUyQlZSJTIxNWUwJTIxM20yJTIxMXNpdCUyMTJzaXQlMjE0djE1MjQ2NTAyODc5NjYlMjIlMjB3aWR0aCUzRCUyMjEwMCUyNSUyMiUyMGhlaWdodCUzRCUyMjQ1MCUyMiUyMGZyYW1lYm9yZGVyJTNEJTIyMCUyMiUyMHN0eWxlJTNEJTIyYm9yZGVyJTNBMCUyMiUyMGFsbG93ZnVsbHNjcmVlbiUzRSUzQyUyRmlmcmFtZSUzRQ==&#8221;][\/vc_column][\/vc_row][vc_row][vc_column el_class=&#8221;cs-boxcontact&#8221;]<div class=\"arrowpress-container container \">[vc_row_inner][vc_column_inner offset=&#8221;vc_col-lg-7 vc_col-md-7 vc_col-xs-12&#8243;]<div class=\"ult-spacer spacer-69df0772e7374\" data-id=\"69df0772e7374\" data-height=\"30\" data-height-mobile=\"30\" data-height-tab=\"30\" data-height-tab-portrait=\"\" data-height-mobile-landscape=\"\" style=\"clear:both;display:block;\"><\/div><div id=\"ultimate-heading-102469df0772e8024\" class=\"uvc-heading ult-adjust-bottom-margin ultimate-heading-102469df0772e8024 uvc-3229 solaz_heading_left\" data-hspacer=\"image_only\"  data-halign=\"left\" style=\"text-align:left\"><div class=\"uvc-heading-spacer image_only\" style=\"top\"><img decoding=\"async\" src=\"https:\/\/ilgarofanorosa.com\/wp-content\/uploads\/2018\/01\/rosaColor.png\" class=\"ultimate-headings-icon-image\" alt=\"null\" style=\"width:48px\"\/><\/div><div class=\"uvc-main-heading ult-responsive\"  data-ultimate-target='.uvc-heading.ultimate-heading-102469df0772e8024 h2'  data-responsive-json-new='{\"font-size\":\"\",\"line-height\":\"\"}' ><h2 style=\"font-family:&#039;Poppins&#039;;font-weight:600;color:#3d3935;\">Il Garofano Rosa<\/h2><\/div><\/div>[vc_column_text]<\/p>\n<div class=\"contact-address\" style=\"padding-top: 15px;\">\n<ul style=\"margin-left: 0px; padding-left: 0px;\">\n<li>Via IV Novembre 11\/B, 37126 Verona<\/li>\n<li><a href=\"callto:+39 3318800154\">+39 3318800154<\/a><\/li>\n<li><a href=\"&#109;&#x61;&#x69;&#108;&#x74;&#x6f;:&#x69;&#x6e;f&#111;&#x40;i&#108;&#x67;a&#114;&#x6f;f&#97;&#x6e;o&#114;&#x6f;&#x73;&#97;&#x2e;&#x63;&#111;&#x6d;\">i&#110;&#x66;&#x6f;&#x40;i&#108;&#103;&#x61;&#x72;o&#102;&#97;&#x6e;&#x6f;ro&#115;&#x61;&#x2e;&#x63;o&#109;<\/a><\/li>\n<\/ul>\n<\/div>\n<p>[\/vc_column_text]<div id=\"ultimate-heading-356869df0772e815a\" class=\"uvc-heading ult-adjust-bottom-margin ultimate-heading-356869df0772e815a uvc-2811 solaz_heading_left\" data-hspacer=\"image_only\"  data-halign=\"left\" style=\"text-align:left\"><div class=\"uvc-heading-spacer image_only\" style=\"top\"><img decoding=\"async\" src=\"https:\/\/ilgarofanorosa.com\/wp-content\/uploads\/2018\/01\/rosaColor.png\" class=\"ultimate-headings-icon-image\" alt=\"null\" style=\"width:48px\"\/><\/div><div class=\"uvc-main-heading ult-responsive\"  data-ultimate-target='.uvc-heading.ultimate-heading-356869df0772e815a h2'  data-responsive-json-new='{\"font-size\":\"\",\"line-height\":\"\"}' ><h2 style=\"font-family:&#039;Poppins&#039;;font-weight:600;color:#3d3935;\">Acc\u00e8s<\/h2><\/div><\/div>[vc_column_text]<\/p>\n<div style=\"margin-top: 15px;\">\n<p>V\u00e9rone est une destination enchanteresse, facilement accessible depuis les principales villes italiennes et europ\u00e9ennes. Gr\u00e2ce \u00e0 sa position centrale et aux liaisons pratiques avec d\u2019autres destinations touristiques (lac de Garde, Venise, Milan, Bologne, Florence) V\u00e9rone est l&#8217;endroit id\u00e9al pour rester quelques jours, ou plus.<br \/>\nL&#8217;a\u00e9roport de Valerio Catullo et la gare de Verona Porta Nuova se trouvent \u00e0 quelques kilom\u00e8tres du centre-ville et des environs du parc des expositions. Des taxis et de nombreuses lignes de bus urbaines et extra-urbaines y sont disponibles.<br \/>\nPour rejoindre Il Garofano Rosa en voiture vous pouvez facilement calculer l&#8217;itin\u00e9raire en cliquant <a href=\"https:\/\/goo.gl\/maps\/BgpkeCwm4e82\" target=\"_blank\" rel=\"noopener\"><strong>ICI<\/strong><\/a>.<\/p>\n<\/div>\n<p>[\/vc_column_text][\/vc_column_inner][vc_column_inner el_class=&#8221;boxcontact-about&#8221; offset=&#8221;vc_col-lg-5 vc_col-md-5 vc_col-xs-12&#8243; css=&#8221;.vc_custom_1481621286871{padding-right: 32px !important;padding-left: 34px !important;background-color: #f5f5f5 !important;}&#8221;]<div class=\"ult-spacer spacer-69df0772e81b9\" data-id=\"69df0772e81b9\" data-height=\"90\" data-height-mobile=\"90\" data-height-tab=\"90\" data-height-tab-portrait=\"\" data-height-mobile-landscape=\"\" style=\"clear:both;display:block;\"><\/div><div id=\"ultimate-heading-809569df0772e83d8\" class=\"uvc-heading ult-adjust-bottom-margin ultimate-heading-809569df0772e83d8 uvc-6394 solaz_heading_left\" data-hspacer=\"icon_only\"  data-halign=\"left\" style=\"text-align:left\"><div class=\"uvc-heading-spacer icon_only\" style=\"top\"><div class=\"ult-just-icon-wrapper  \"><div class=\"align-icon\" style=\"text-align:left;\">\n<div class=\"aio-icon-img \" style=\"font-size:48px;display:inline-block;\" >\n\t<img decoding=\"async\" class=\"img-icon\" alt=\"null\" src=\"https:\/\/ilgarofanorosa.com\/wp-content\/uploads\/2018\/01\/rosaColor.png\"\/>\n<\/div><\/div><\/div><\/div><div class=\"uvc-main-heading ult-responsive\"  data-ultimate-target='.uvc-heading.ultimate-heading-809569df0772e83d8 h2'  data-responsive-json-new='{\"font-size\":\"\",\"line-height\":\"\"}' ><h2 style=\"font-family:&#039;Poppins&#039;;font-weight:600;color:#3d3935;\">\u00c9crivez-nous<\/h2><\/div><\/div><div class=\"ult-spacer spacer-69df0772e842d\" data-id=\"69df0772e842d\" data-height=\"37\" data-height-mobile=\"37\" data-height-tab=\"37\" data-height-tab-portrait=\"\" data-height-mobile-landscape=\"\" style=\"clear:both;display:block;\"><\/div>\n<div class=\"wpcf7 no-js\" id=\"wpcf7-f1650-o1\" lang=\"en-US\" dir=\"ltr\">\n<div class=\"screen-reader-response\"><p role=\"status\" aria-live=\"polite\" aria-atomic=\"true\"><\/p> <ul><\/ul><\/div>\n<form action=\"\/fr\/wp-json\/wp\/v2\/pages\/1648#wpcf7-f1650-o1\" method=\"post\" class=\"wpcf7-form init\" aria-label=\"Contact form\" novalidate=\"novalidate\" data-status=\"init\">\n<div style=\"display: none;\">\n<input type=\"hidden\" name=\"_wpcf7\" value=\"1650\" \/>\n<input type=\"hidden\" name=\"_wpcf7_version\" value=\"5.8.5\" \/>\n<input type=\"hidden\" name=\"_wpcf7_locale\" value=\"en_US\" \/>\n<input type=\"hidden\" name=\"_wpcf7_unit_tag\" value=\"wpcf7-f1650-o1\" \/>\n<input type=\"hidden\" name=\"_wpcf7_container_post\" value=\"0\" \/>\n<input type=\"hidden\" name=\"_wpcf7_posted_data_hash\" value=\"\" \/>\n<\/div>\n<div class=\"form-contact\">\n\t<p><span class=\"wpcf7-form-control-wrap\" data-name=\"your-name\"><input size=\"40\" class=\"wpcf7-form-control wpcf7-text wpcf7-validates-as-required\" aria-required=\"true\" aria-invalid=\"false\" placeholder=\"Nom\" value=\"\" type=\"text\" name=\"your-name\" \/><\/span><br \/>\n<span class=\"wpcf7-form-control-wrap\" data-name=\"your-email\"><input size=\"40\" class=\"wpcf7-form-control wpcf7-email wpcf7-validates-as-required wpcf7-text wpcf7-validates-as-email\" aria-required=\"true\" aria-invalid=\"false\" placeholder=\"E-Mail\" value=\"\" type=\"email\" name=\"your-email\" \/><\/span><br \/>\n<span class=\"wpcf7-form-control-wrap\" data-name=\"message\"><textarea cols=\"40\" rows=\"10\" class=\"wpcf7-form-control wpcf7-textarea\" aria-invalid=\"false\" placeholder=\"message\" name=\"message\"><\/textarea><\/span><br \/>\n<span class=\"wpcf7-form-control-wrap\" data-name=\"acceptance-964\"><span class=\"wpcf7-form-control wpcf7-acceptance\"><span class=\"wpcf7-list-item\"><input type=\"checkbox\" name=\"acceptance-964\" value=\"1\" aria-invalid=\"false\" \/><\/span><\/span><\/span> Je d\u00e9clare avoir pris connaissance de la <a target=\"new\" href=\"https:\/\/www.iubenda.com\/privacy-policy\/28436768\">politique<\/a> de confidentialit\u00e9 et consenti au traitement de mes donn\u00e9es afin de r\u00e9pondre aux demandes de renseignements.<br \/>\n<input class=\"wpcf7-form-control wpcf7-submit has-spinner\" type=\"submit\" value=\"Envoi\" \/>\n\t<\/p>\n<\/div><p style=\"display: none !important;\"><label>&#916;<textarea name=\"_wpcf7_ak_hp_textarea\" cols=\"45\" rows=\"8\" maxlength=\"100\"><\/textarea><\/label><input type=\"hidden\" id=\"ak_js_1\" name=\"_wpcf7_ak_js\" value=\"226\"\/><script>document.getElementById( \"ak_js_1\" ).setAttribute( \"value\", ( new Date() ).getTime() );<\/script><\/p><div class=\"wpcf7-response-output\" aria-hidden=\"true\"><\/div>\n<\/form>\n<\/div>\n<div class=\"ult-spacer spacer-69df0772f3dea\" data-id=\"69df0772f3dea\" data-height=\"58\" data-height-mobile=\"58\" data-height-tab=\"58\" data-height-tab-portrait=\"\" data-height-mobile-landscape=\"\" style=\"clear:both;display:block;\"><\/div>[\/vc_column_inner][\/vc_row_inner]<\/div>\n[\/vc_column][\/vc_row]<\/p>\n<\/div>","protected":false},"excerpt":{"rendered":"<p>[vc_row][vc_column][vc_gmaps link=&#8221;#E-8_JTNDaWZyYW1lJTIwc3JjJTNEJTIyaHR0cHMlM0ElMkYlMkZ3d3cuZ29vZ2xlLmNvbSUyRm1hcHMlMkZlbWJlZCUzRnBiJTNEJTIxMW0xOCUyMTFtMTIlMjExbTMlMjExZDI3OTkuMjExNTE0MDc2NzgxNCUyMTJkMTAuOTg2ODk3NzE1NTMwNTI1JTIxM2Q0NS40NDUzOTM2NzkxMDA3MDQlMjEybTMlMjExZjAlMjEyZjAlMjEzZjAlMjEzbTIlMjExaTEwMjQlMjEyaTc2OCUyMTRmMTMuMSUyMTNtMyUyMTFtMiUyMTFzMHg0NzdmNWY1MjFmYzlmNGY5JTI1M0EweDg2ZTZmNmNmN2EyNGEzYmUlMjEyc1ZpYSUyQklWJTJCTm92ZW1icmUlMjUyQyUyQjExJTI1MkMlMkIzNzEyNiUyQlZlcm9uYSUyQlZSJTIxNWUwJTIxM20yJTIxMXNpdCUyMTJzaXQlMjE0djE1MjQ2NTAyODc5NjYlMjIlMjB3aWR0aCUzRCUyMjEwMCUyNSUyMiUyMGhlaWdodCUzRCUyMjQ1MCUyMiUyMGZyYW1lYm9yZGVyJTNEJTIyMCUyMiUyMHN0eWxlJTNEJTIyYm9yZGVyJTNBMCUyMiUyMGFsbG93ZnVsbHNjcmVlbiUzRSUzQyUyRmlmcmFtZSUzRQ==&#8221;][\/vc_column][\/vc_row][vc_row][vc_column el_class=&#8221;cs-boxcontact&#8221;][\/vc_column][\/vc_row]<\/p>\n","protected":false},"author":1,"featured_media":0,"parent":0,"menu_order":0,"comment_status":"closed","ping_status":"closed","template":"","meta":{"footnotes":""},"_links":{"self":[{"href":"https:\/\/ilgarofanorosa.com\/fr\/wp-json\/wp\/v2\/pages\/1648"}],"collection":[{"href":"https:\/\/ilgarofanorosa.com\/fr\/wp-json\/wp\/v2\/pages"}],"about":[{"href":"https:\/\/ilgarofanorosa.com\/fr\/wp-json\/wp\/v2\/types\/page"}],"author":[{"embeddable":true,"href":"https:\/\/ilgarofanorosa.com\/fr\/wp-json\/wp\/v2\/users\/1"}],"replies":[{"embeddable":true,"href":"https:\/\/ilgarofanorosa.com\/fr\/wp-json\/wp\/v2\/comments?post=1648"}],"version-history":[{"count":8,"href":"https:\/\/ilgarofanorosa.com\/fr\/wp-json\/wp\/v2\/pages\/1648\/revisions"}],"predecessor-version":[{"id":2175,"href":"https:\/\/ilgarofanorosa.com\/fr\/wp-json\/wp\/v2\/pages\/1648\/revisions\/2175"}],"wp:attachment":[{"href":"https:\/\/ilgarofanorosa.com\/fr\/wp-json\/wp\/v2\/media?parent=1648"}],"curies":[{"name":"wp","href":"https:\/\/api.w.org\/{rel}","templated":true}]}}