{"id":1639,"date":"2016-12-07T04:42:53","date_gmt":"2016-12-07T04:42:53","guid":{"rendered":"https:\/\/ilgarofanorosa.com\/chi-siamo\/"},"modified":"2019-08-25T21:32:28","modified_gmt":"2019-08-25T21:32:28","slug":"qui-sommes-nous","status":"publish","type":"page","link":"https:\/\/ilgarofanorosa.com\/fr\/qui-sommes-nous\/","title":{"rendered":"Qui sommes-nous"},"content":{"rendered":"<div class=\"wpb-content-wrapper\"><p>[vc_row css=&#8221;.vc_custom_1481533182004{margin-top: -17px !important;}&#8221;][vc_column]<div class=\"arrowpress-container container \">[vc_row_inner][vc_column_inner]<div id=\"ultimate-heading-940069d581287453e\" class=\"uvc-heading ult-adjust-bottom-margin ultimate-heading-940069d581287453e uvc-9474 \" data-hspacer=\"icon_only\"  data-halign=\"center\" style=\"text-align:center\"><div class=\"uvc-heading-spacer icon_only\" style=\"margin-bottom:10px;\"><div class=\"ult-just-icon-wrapper  \"><div class=\"align-icon\" style=\"text-align:center;\">\n<div class=\"aio-icon-img \" style=\"font-size:48px;display:inline-block;\" >\n\t<img decoding=\"async\" class=\"img-icon\" alt=\"null\" src=\"https:\/\/ilgarofanorosa.com\/wp-content\/uploads\/2018\/01\/rosaColor.png\"\/>\n<\/div><\/div><\/div><\/div><div class=\"uvc-main-heading ult-responsive\"  data-ultimate-target='.uvc-heading.ultimate-heading-940069d581287453e h2'  data-responsive-json-new='{\"font-size\":\"desktop:25px;\",\"line-height\":\"\"}' ><h2 style=\"font-family:&#039;Poppins&#039;;font-weight:600;color:#3d3935;margin-top:-7px;\">QUI SOMMES-NOUS<\/h2><\/div><\/div><div class=\"ult-spacer spacer-69d58128745ac\" data-id=\"69d58128745ac\" data-height=\"15\" data-height-mobile=\"15\" data-height-tab=\"15\" data-height-tab-portrait=\"\" data-height-mobile-landscape=\"\" style=\"clear:both;display:block;\"><\/div><div class=\"ult-content-box-container text_about\" >\t\t<div class=\"ult-content-box\" style=\"box-shadow: px px px px #f7f7f7 none;padding-right:16px;margin-right:110px;margin-left:100px;-webkit-transition: all 700ms ease;-moz-transition: all 700ms ease;-ms-transition: all 700ms ease;-o-transition: all 700ms ease;transition: all 700ms ease;\"  data-hover_box_shadow=\"none\"   data-responsive_margins=\"margin-right:0px;margin-left:0px;\"   data-normal_margins=\"margin-right:110px;margin-left:100px;\"  >[vc_column_text css=&#8221;.vc_custom_1538128556087{margin-bottom: 0px !important;padding-bottom: 0px !important;}&#8221;]<\/p>\n<p style=\"text-align: center; color: #979797;\"><span>Il Garofano Rosa est un appartement r\u00e9cemment r\u00e9am\u00e9nag\u00e9 par ses deux propri\u00e9taires : Anna Rosa Biot, dont le go\u00fbt exquis et \u00e9clectique vous ravira, et Matilde Garofano, dont la passion pour le d\u00e9tail et le raffinement ne cessera de vous surprendre, tout au long de votre s\u00e9jour. Ce lieu poss\u00e8de une \u00e2me tr\u00e8s f\u00e9minine et sophistiqu\u00e9e et chaque d\u00e9tail raconte une histoire, celle d\u2019une m\u00e8re et d\u2019une fille unies par le d\u00e9sir de vous faire partager leur amour pour leur ville.<\/span><\/p>\n<p>[\/vc_column_text][vc_single_image image=&#8221;1480&#8243; img_size=&#8221;250&#215;60&#8243; alignment=&#8221;center&#8221; css=&#8221;.vc_custom_1529052410714{padding-top: -35px !important;}&#8221;]\t\t<\/div><\/div>[\/vc_column_inner][\/vc_row_inner]<\/div>\n[\/vc_column][\/vc_row][vc_row][vc_column el_class=&#8221;no-gutter-top&#8221;]<div class=\"ult-spacer spacer-69d581287469b\" data-id=\"69d581287469b\" data-height=\"90\" data-height-mobile=\"90\" data-height-tab=\"90\" data-height-tab-portrait=\"\" data-height-mobile-landscape=\"50\" style=\"clear:both;display:block;\"><\/div><div class=\"arrowpress-container container \">[vc_row_inner][vc_column_inner offset=&#8221;vc_col-lg-6 vc_col-md-6&#8243;]<div class=\"banner-container \" id=\"arp_banner-282692519\"> \r\n\t<div class=\"banner-content banner-type-5  \r\n\t\t\t\ttext-left\t\t \r\n\t\t\" data-animation-delay=\"500\" data-animation=\"\">\r\n\t\t<div class=\"banner-desc \" >\r\n\t\t\t\t\t\t\t<h2 >1<\/h2>\r\n\t\t\t\t\t\r\n\t\t\t\t\t\t\t<h4 style =\"color: #66152a\">Un emplacement central<\/h4>\r\n\t\t\t\t\t\r\n\t\t\t<p><span>L\u2019appartement Il Garofano Rosa se trouve dans un immeuble r\u00e9cent situ\u00e9 dans l\u2019\u00e9l\u00e9gant quartier r\u00e9sidentiel de Borgo Trento, quartier qui est proche de tous les services et commerces. Il se trouve \u00e0 quelques minutes \u00e0 pied des plus belles rues du centre historique. Castelvecchio et l\u2019Arena sont facilement accessibles \u00e0 pied. <\/span><\/p>\n\t\r\n\t\t<\/div>\r\n\t<\/div>\r\n<\/div>\n<div class=\"ult-spacer spacer-69d5812874b09\" data-id=\"69d5812874b09\" data-height=\"62\" data-height-mobile=\"62\" data-height-tab=\"62\" data-height-tab-portrait=\"\" data-height-mobile-landscape=\"\" style=\"clear:both;display:block;\"><\/div>[\/vc_column_inner][vc_column_inner offset=&#8221;vc_col-lg-6 vc_col-md-6&#8243;]<div class=\"banner-container \" id=\"arp_banner-1887446206\"> \r\n\t<div class=\"banner-content banner-type-5  \r\n\t\t\t\ttext-left\t\t \r\n\t\t\" data-animation-delay=\"500\" data-animation=\"\">\r\n\t\t<div class=\"banner-desc \" >\r\n\t\t\t\t\t\t\t<h2 >2<\/h2>\r\n\t\t\t\t\t\r\n\t\t\t\t\t\t\t<h4 style =\"color: #66152a\">Un lieu d\u2019espace et de lumi\u00e8re <\/h4>\r\n\t\t\t\t\t\r\n\t\t\t<p><span>L\u2019appartement d&#8217;environ 100 m\u00e8tres carr\u00e9s est compos\u00e9 d&#8217;un espace ouvert qui comprend un salon lumineux, une cuisine \u00e9quip\u00e9e et une chambre romantique. Le salon ainsi que la cuisine donnent un acc\u00e8s direct \u00e0 la terrasse.<\/span><\/p>\n\t\r\n\t\t<\/div>\r\n\t<\/div>\r\n<\/div>\n<div class=\"ult-spacer spacer-69d5812874dcd\" data-id=\"69d5812874dcd\" data-height=\"62\" data-height-mobile=\"62\" data-height-tab=\"62\" data-height-tab-portrait=\"\" data-height-mobile-landscape=\"\" style=\"clear:both;display:block;\"><\/div>[\/vc_column_inner][\/vc_row_inner][vc_row_inner][vc_column_inner offset=&#8221;vc_col-lg-6 vc_col-md-6&#8243;]<div class=\"banner-container \" id=\"arp_banner-1182599548\"> \r\n\t<div class=\"banner-content banner-type-5  \r\n\t\t\t\ttext-left\t\t \r\n\t\t\" data-animation-delay=\"500\" data-animation=\"\">\r\n\t\t<div class=\"banner-desc \" >\r\n\t\t\t\t\t\t\t<h2 >3<\/h2>\r\n\t\t\t\t\t\r\n\t\t\t\t\t\t\t<h4 style =\"color: #66152a\">La terrasse<\/h4>\r\n\t\t\t\t\t\r\n\t\t\t<p><span>Un jardin suspendu d&#8217;environ 50 m\u00e8tres carr\u00e9s vous permet de profiter de l&#8217;espace ext\u00e9rieur dans une sorte d&#8217;extension de l&#8217;appartement. A disposition des h\u00f4tes se trouvent deux tables en marbre travertin, une petite table pour le petit d\u00e9jeuner et un canap\u00e9. D\u2019\u00e9l\u00e9gants rideaux d\u2019ext\u00e9rieur permettent \u00e0 volont\u00e9 de se prot\u00e9ger du soleil.<\/span><\/p>\n\t\r\n\t\t<\/div>\r\n\t<\/div>\r\n<\/div>\n<div class=\"ult-spacer spacer-69d5812875034\" data-id=\"69d5812875034\" data-height=\"0\" data-height-mobile=\"62\" data-height-tab=\"\" data-height-tab-portrait=\"62\" data-height-mobile-landscape=\"62\" style=\"clear:both;display:block;\"><\/div>[\/vc_column_inner][vc_column_inner offset=&#8221;vc_col-lg-6 vc_col-md-6&#8243;]<div class=\"banner-container \" id=\"arp_banner-257807046\"> \r\n\t<div class=\"banner-content banner-type-5  \r\n\t\t\t\ttext-left\t\t \r\n\t\t\" data-animation-delay=\"500\" data-animation=\"\">\r\n\t\t<div class=\"banner-desc \" >\r\n\t\t\t\t\t\t\t<h2 >4<\/h2>\r\n\t\t\t\t\t\r\n\t\t\t\t\t\t\t<h4 style =\"color: #66152a\">Le garage<\/h4>\r\n\t\t\t\t\t\r\n\t\t\t<p><span>Tout au long de la rue via IV Novembre il est possible de se garer mais, compte tenu de la position centrale, les places sont souvent toutes occup\u00e9es. C\u2019est pourquoi nous mettons \u00e0 votre disposition un grand garage priv\u00e9, situ\u00e9 \u00e0 l&#8217;int\u00e9rieur de l\u2019immeuble.<\/span><\/p>\n\t\r\n\t\t<\/div>\r\n\t<\/div>\r\n<\/div>\n[\/vc_column_inner][\/vc_row_inner]<\/div>\n[\/vc_column][\/vc_row][vc_row wrap_container=&#8221;yes&#8221; css=&#8221;.vc_custom_1566768746138{padding-top: 30px !important;}&#8221;][vc_column][vc_column_text]<\/p>\n<div style=\"text-align: center;\"><video width=\"100%\" height=\"auto\" poster=\"https:\/\/ilgarofanorosa.com\/wp-content\/uploads\/2019\/08\/atticoVideo.png\" controls=\"controls\"><source src=\"https:\/\/ilgarofanorosa.com\/video\/fra.mp4\" type=\"video\/mp4\" \/><\/video><\/div>\n<p>[\/vc_column_text][\/vc_column][\/vc_row]<\/p>\n<\/div>","protected":false},"excerpt":{"rendered":"<p>[vc_row css=&#8221;.vc_custom_1481533182004{margin-top: -17px !important;}&#8221;][vc_column][\/vc_column][\/vc_row][vc_row][vc_column el_class=&#8221;no-gutter-top&#8221;][\/vc_column][\/vc_row][vc_row wrap_container=&#8221;yes&#8221; css=&#8221;.vc_custom_1566768746138{padding-top: 30px !important;}&#8221;][vc_column][vc_column_text] [\/vc_column_text][\/vc_column][\/vc_row]<\/p>\n","protected":false},"author":1,"featured_media":0,"parent":0,"menu_order":0,"comment_status":"closed","ping_status":"closed","template":"","meta":{"footnotes":""},"_links":{"self":[{"href":"https:\/\/ilgarofanorosa.com\/fr\/wp-json\/wp\/v2\/pages\/1639"}],"collection":[{"href":"https:\/\/ilgarofanorosa.com\/fr\/wp-json\/wp\/v2\/pages"}],"about":[{"href":"https:\/\/ilgarofanorosa.com\/fr\/wp-json\/wp\/v2\/types\/page"}],"author":[{"embeddable":true,"href":"https:\/\/ilgarofanorosa.com\/fr\/wp-json\/wp\/v2\/users\/1"}],"replies":[{"embeddable":true,"href":"https:\/\/ilgarofanorosa.com\/fr\/wp-json\/wp\/v2\/comments?post=1639"}],"version-history":[{"count":15,"href":"https:\/\/ilgarofanorosa.com\/fr\/wp-json\/wp\/v2\/pages\/1639\/revisions"}],"predecessor-version":[{"id":2536,"href":"https:\/\/ilgarofanorosa.com\/fr\/wp-json\/wp\/v2\/pages\/1639\/revisions\/2536"}],"wp:attachment":[{"href":"https:\/\/ilgarofanorosa.com\/fr\/wp-json\/wp\/v2\/media?parent=1639"}],"curies":[{"name":"wp","href":"https:\/\/api.w.org\/{rel}","templated":true}]}}