{"id":1633,"date":"2016-12-08T09:36:03","date_gmt":"2016-12-08T09:36:03","guid":{"rendered":"https:\/\/ilgarofanorosa.com\/home-4\/"},"modified":"2022-04-19T17:45:11","modified_gmt":"2022-04-19T17:45:11","slug":"home-4-2","status":"publish","type":"page","link":"https:\/\/ilgarofanorosa.com\/fr\/","title":{"rendered":"Home 4"},"content":{"rendered":"<div class=\"wpb-content-wrapper\"><p>[vc_row disable_element=&#8221;yes&#8221; bg_type=&#8221;bg_color&#8221; el_id=&#8221;vik_search_form&#8221; bg_color_value=&#8221;#d2a9aa&#8221;][vc_column][vc_column_text css=&#8221;.vc_custom_1539070863675{background-position: center !important;background-repeat: no-repeat !important;background-size: cover !important;}&#8221;]<\/p>\n<div class=\"container\">\n<div class=\"row\">\n<div class=\"col-md-4\">\n<div class=\"fs-left\">\n<h3><i><br \/>\n<img decoding=\"async\" src=\"https:\/\/ilgarofanorosa.com\/wp-content\/uploads\/2018\/09\/rosaWhite.png\" style=\"width: 8%; height: auto;\" \/><br \/>\n<\/i><br \/>\n<span style=\"vertical-align: inherit;\"><span style=\"vertical-align: inherit;\">R\u00e9server L\u2019appartement<\/span><\/span><\/h3>\n<p><span style=\"vertical-align: inherit;\"><span style=\"vertical-align: inherit;\"><\/span><\/span><\/p>\n<\/div>\n<\/div>\n<div class=\"col-md-8\">[vikbooking view=&#8221;vikbooking&#8221;]<\/div>\n<\/div>\n<\/div>\n<p>[\/vc_column_text][\/vc_column][\/vc_row][vc_row][vc_column]<div class=\"arrowpress-container container-fluid bigger-container \"><div class=\"ult-spacer spacer-69e1682532717\" data-id=\"69e1682532717\" data-height=\"76\" data-height-mobile=\"50\" data-height-tab=\"\" data-height-tab-portrait=\"\" data-height-mobile-landscape=\"50\" style=\"clear:both;display:block;\"><\/div><div class=\"ult-animation  ult-animate-viewport  ult-no-mobile \" data-animate=\"zoomIn\" data-animation-delay=\"0.3\" data-animation-duration=\"1\" data-animation-iteration=\"1\" style=\"opacity:0;\" data-opacity_start_effect=\"100\"><div id=\"ultimate-heading-846769e168253419f\" class=\"uvc-heading ult-adjust-bottom-margin ultimate-heading-846769e168253419f uvc-2343 set_max_width\" data-hspacer=\"icon_only\"  data-halign=\"center\" style=\"text-align:center\"><div class=\"uvc-heading-spacer icon_only\" style=\"top\"><div class=\"ult-just-icon-wrapper  \"><div class=\"align-icon\" style=\"text-align:center;\">\n<div class=\"aio-icon-img \" style=\"font-size:48px;display:inline-block;\" >\n\t<img decoding=\"async\" class=\"img-icon\" alt=\"null\" src=\"https:\/\/ilgarofanorosa.com\/wp-content\/uploads\/2018\/01\/rosaColor.png\"\/>\n<\/div><\/div><\/div><\/div><div class=\"uvc-main-heading ult-responsive\"  data-ultimate-target='.uvc-heading.ultimate-heading-846769e168253419f h2'  data-responsive-json-new='{\"font-size\":\"desktop:25px;\",\"line-height\":\"\"}' ><h2 style=\"font-family:&#039;Poppins&#039;;font-weight:600;color:#3d3935;margin-top:0px;margin-bottom:7px;\">\u00c0 propos de nous<\/h2><\/div><div class=\"uvc-sub-heading ult-responsive\"  data-ultimate-target='.uvc-heading.ultimate-heading-846769e168253419f .uvc-sub-heading '  data-responsive-json-new='{\"font-size\":\"\",\"line-height\":\"\"}'  style=\"font-family:&#039;Poppins&#039;;font-weight:normal;color:#9c9c9c;margin-bottom:30px;\"><\/p>\n<p style=\"text-align: center;\">Il Garofano Rosa est un spacieux appartement au dernier \u00e9tage \u00e9quip\u00e9 d\u2019une grande terrasse avec vue sur les toits et sur les collines de V\u00e9rone. La d\u00e9coration m\u00eale meubles raffin\u00e9s et anciens et pi\u00e8ces au design tr\u00e8s contemporain.<\/p>\n<p style=\"text-align: center;\">L\u2019atmosph\u00e8re romantique et accueillante de notre demeure vous permettra une totale immersion dans la culture et le go\u00fbt typiquement italiens. Nous vous attendons pour un agr\u00e9able s\u00e9jour \u00e0 la d\u00e9couverte des merveilles artistiques, \u0153nologiques et gastronomique de V\u00e9rone.<\/p>\n<p><\/div><\/div><\/div><div class=\"ult-spacer spacer-69e1682534276\" data-id=\"69e1682534276\" data-height=\"63\" data-height-mobile=\"40\" data-height-tab=\"\" data-height-tab-portrait=\"\" data-height-mobile-landscape=\"40\" style=\"clear:both;display:block;\"><\/div><\/div>\n[\/vc_column][\/vc_row][vc_row bg_type=&#8221;bg_color&#8221; bg_color_value=&#8221;#66142a&#8221;][vc_column]<div class=\"arrowpress-container container-fluid bigger-container \"><div class=\"ult-spacer spacer-69e16825343fb\" data-id=\"69e16825343fb\" data-height=\"95\" data-height-mobile=\"50\" data-height-tab=\"75\" data-height-tab-portrait=\"75\" data-height-mobile-landscape=\"50\" style=\"clear:both;display:block;\"><\/div><div class=\"ult-animation  ult-animate-viewport  ult-no-mobile \" data-animate=\"zoomIn\" data-animation-delay=\"0.3\" data-animation-duration=\"1\" data-animation-iteration=\"1\" style=\"opacity:0;\" data-opacity_start_effect=\"100\"><div id=\"ultimate-heading-457069e16825345f9\" class=\"uvc-heading ult-adjust-bottom-margin ultimate-heading-457069e16825345f9 uvc-3182 set_max_width\" data-hspacer=\"icon_only\"  data-halign=\"center\" style=\"text-align:center\"><div class=\"uvc-heading-spacer icon_only\" style=\"margin-bottom:10px;\"><div class=\"ult-just-icon-wrapper  \"><div class=\"align-icon\" style=\"text-align:center;\">\n<div class=\"aio-icon-img \" style=\"font-size:48px;display:inline-block;\" >\n\t<img decoding=\"async\" class=\"img-icon\" alt=\"null\" src=\"https:\/\/ilgarofanorosa.com\/wp-content\/uploads\/2018\/01\/rosaColor.png\"\/>\n<\/div><\/div><\/div><\/div><div class=\"uvc-main-heading ult-responsive\"  data-ultimate-target='.uvc-heading.ultimate-heading-457069e16825345f9 h2'  data-responsive-json-new='{\"font-size\":\"desktop:25px;\",\"line-height\":\"\"}' ><h2 style=\"font-family:&#039;Poppins&#039;;font-weight:600;color:#ffffff;margin-top:-7px;margin-bottom:7px;\">Galerie des Photos<\/h2><\/div><div class=\"uvc-sub-heading ult-responsive\"  data-ultimate-target='.uvc-heading.ultimate-heading-457069e16825345f9 .uvc-sub-heading '  data-responsive-json-new='{\"font-size\":\"\",\"line-height\":\"\"}'  style=\"font-family:&#039;Poppins&#039;;font-weight:normal;color:#9c9c9c;margin-bottom:30px;\"><span style=\"color: #ffffff;\">L\u2019\u00e9l\u00e9gant appartement d\u00e9cor\u00e9 avec des meubles et des objets raffin\u00e9s est parfait pour accueillir un couple ou trois \u00e0 quatre adultes.<\/span><\/div><\/div><\/div><div class=\"ult-spacer spacer-69e1682534796\" data-id=\"69e1682534796\" data-height=\"10\" data-height-mobile=\"10\" data-height-tab=\"10\" data-height-tab-portrait=\"\" data-height-mobile-landscape=\"\" style=\"clear:both;display:block;\"><\/div><div class=\"our-gallery-sc \">                        <div class=\"tabs_sort\">\r\n                <div id=\"arrowpress_gallery-56\" class=\"gallery-entries-wrapsc isotope clearfix  col-3\">   \r\n                                                                        \n<div class=\"item evenements home-fr\">\n      \n<\/div>                                                                        \n<div class=\"item la-chambre home-fr\">\n    \t\t<figure class=\"gallery-image\">\n\t\t\t<div class=\"gallery-img\">\n\t\t\t\t\t\t\t\t<a class=\"fancybox-thumb\" data-fancybox-group=\"fancybox-thumb\" href=\"https:\/\/ilgarofanorosa.com\/wp-content\/uploads\/2018\/03\/camera5-1-1170x600.jpg\" ><img loading=\"lazy\" decoding=\"async\" width=\"512\" height=\"316\" src=\"https:\/\/ilgarofanorosa.com\/wp-content\/uploads\/2018\/03\/camera5-1-512x316.jpg\" alt=\"gallery\" \/><\/a>\t\n\t\t\t<\/div>\n\t\t<\/figure>   \n      \n<\/div>                                                                        \n<div class=\"item home-fr\">\n    \t\t<figure class=\"gallery-image\">\n\t\t\t<div class=\"gallery-img\">\n\t\t\t\t\t\t\t\t<a class=\"fancybox-thumb\" data-fancybox-group=\"fancybox-thumb\" href=\"https:\/\/ilgarofanorosa.com\/wp-content\/uploads\/2018\/03\/dettaglio-1170x600.jpg\" ><img loading=\"lazy\" decoding=\"async\" width=\"512\" height=\"316\" src=\"https:\/\/ilgarofanorosa.com\/wp-content\/uploads\/2018\/03\/dettaglio-512x316.jpg\" alt=\"gallery\" \/><\/a>\t\n\t\t\t<\/div>\n\t\t<\/figure>   \n      \n<\/div>                                                                        \n<div class=\"item home-fr\">\n    \t\t<figure class=\"gallery-image\">\n\t\t\t<div class=\"gallery-img\">\n\t\t\t\t\t\t\t\t<a class=\"fancybox-thumb\" data-fancybox-group=\"fancybox-thumb\" href=\"https:\/\/ilgarofanorosa.com\/wp-content\/uploads\/2018\/03\/mammaFiglia-1170x600.jpg\" ><img loading=\"lazy\" decoding=\"async\" width=\"512\" height=\"316\" src=\"https:\/\/ilgarofanorosa.com\/wp-content\/uploads\/2018\/03\/mammaFiglia-512x316.jpg\" alt=\"gallery\" \/><\/a>\t\n\t\t\t<\/div>\n\t\t<\/figure>   \n      \n<\/div>                                                                        \n<div class=\"item soggiorno-fr home-fr\">\n    \t\t<figure class=\"gallery-image\">\n\t\t\t<div class=\"gallery-img\">\n\t\t\t\t\t\t\t\t<a class=\"fancybox-thumb\" data-fancybox-group=\"fancybox-thumb\" href=\"https:\/\/ilgarofanorosa.com\/wp-content\/uploads\/2018\/03\/soggiorno1-1170x600.jpg\" ><img loading=\"lazy\" decoding=\"async\" width=\"512\" height=\"316\" src=\"https:\/\/ilgarofanorosa.com\/wp-content\/uploads\/2018\/03\/soggiorno1-512x316.jpg\" alt=\"gallery\" \/><\/a>\t\n\t\t\t<\/div>\n\t\t<\/figure>   \n      \n<\/div>                                                                        \n<div class=\"item home-fr\">\n    \t\t<figure class=\"gallery-image\">\n\t\t\t<div class=\"gallery-img\">\n\t\t\t\t\t\t\t\t<a class=\"fancybox-thumb\" data-fancybox-group=\"fancybox-thumb\" href=\"https:\/\/ilgarofanorosa.com\/wp-content\/uploads\/2018\/03\/dettaglio3-1170x600.jpg\" ><img loading=\"lazy\" decoding=\"async\" width=\"512\" height=\"316\" src=\"https:\/\/ilgarofanorosa.com\/wp-content\/uploads\/2018\/03\/dettaglio3-512x316.jpg\" alt=\"gallery\" \/><\/a>\t\n\t\t\t<\/div>\n\t\t<\/figure>   \n      \n<\/div>                                    <\/div>  \r\n            <\/div> \r\n\r\n              \r\n<\/div>\n<div class=\"ult-spacer spacer-69e1682546ce6\" data-id=\"69e1682546ce6\" data-height=\"147\" data-height-mobile=\"50\" data-height-tab=\"\" data-height-tab-portrait=\"90\" data-height-mobile-landscape=\"50\" style=\"clear:both;display:block;\"><\/div><\/div>\n[\/vc_column][\/vc_row][vc_row el_class=&#8221;no-gutter&#8221;][vc_column]<div id='wrap_map_69e16825480f2' class='ultimate-map-wrapper ult-adjust-bottom-margin ' style='margin0px height:554px;'><div id='map_69e16825480f2' data-map_override='0' class='ultimate_google_map wpb_content_element 0' style='width:100%;height:554px;'><\/div><\/div><script type='text\/javascript'>\n\t\t\t(function($) {\n  \t\t\t'use strict';\n\t\t\tvar map_map_69e16825480f2 = null;\n\t\t\tvar coordinate_map_69e16825480f2;\n\t\t\tvar isDraggable = $(document).width() > 641 ? 'true' : 'false';\n\t\t\ttry\n\t\t\t{\n\t\t\t\tvar map_map_69e16825480f2 = null;\n\t\t\t\tvar coordinate_map_69e16825480f2;\n\t\t\t\tcoordinate_map_69e16825480f2 = new google.maps.LatLng(45.44539, 10.98909);\n\t\t\t\tvar mapOptions=\n\t\t\t\t{\n\t\t\t\t\tzoom: 16,\n\t\t\t\t\tcenter: coordinate_map_69e16825480f2,\n\t\t\t\t\tscaleControl: true,\n\t\t\t\t\tstreetViewControl: false,\n\t\t\t\t\tmapTypeControl: false,\n\t\t\t\t\tpanControl: false,\n\t\t\t\t\tzoomControl: false,\n\t\t\t\t\tscrollwheel: false,\n\t\t\t\t\tdraggable: isDraggable,\n\t\t\t\t\tzoomControlOptions: {\n\t\t\t\t\t\tposition: google.maps.ControlPosition.right_bottom\n\t\t\t\t\t}, mapTypeControlOptions: {\n\t\t\t\t\t\t\tmapTypeIds: [google.maps.MapTypeId.roadmap, 'map_style']\n\t\t\t\t\t\t}};var styles = [\n  {\n    \"elementType\": \"geometry\",\n    \"stylers\": [\n      {\n        \"color\": \"#f5f5f5\"\n      }\n    ]\n  },\n  {\n    \"elementType\": \"labels.icon\",\n    \"stylers\": [\n      {\n        \"visibility\": \"off\"\n      }\n    ]\n  },\n  {\n    \"elementType\": \"labels.text.fill\",\n    \"stylers\": [\n      {\n        \"color\": \"#616161\"\n      }\n    ]\n  },\n  {\n    \"elementType\": \"labels.text.stroke\",\n    \"stylers\": [\n      {\n        \"color\": \"#f5f5f5\"\n      }\n    ]\n  },\n  {\n    \"featureType\": \"administrative.land_parcel\",\n    \"elementType\": \"labels.text.fill\",\n    \"stylers\": [\n      {\n        \"color\": \"#bdbdbd\"\n      }\n    ]\n  },\n  {\n    \"featureType\": \"poi\",\n    \"elementType\": \"geometry\",\n    \"stylers\": [\n      {\n        \"color\": \"#eeeeee\"\n      }\n    ]\n  },\n  {\n    \"featureType\": \"poi\",\n    \"elementType\": \"labels.text.fill\",\n    \"stylers\": [\n      {\n        \"color\": \"#757575\"\n      }\n    ]\n  },\n  {\n    \"featureType\": \"poi.park\",\n    \"elementType\": \"geometry\",\n    \"stylers\": [\n      {\n        \"color\": \"#e5e5e5\"\n      }\n    ]\n  },\n  {\n    \"featureType\": \"poi.park\",\n    \"elementType\": \"labels.text.fill\",\n    \"stylers\": [\n      {\n        \"color\": \"#9e9e9e\"\n      }\n    ]\n  },\n  {\n    \"featureType\": \"road\",\n    \"elementType\": \"geometry\",\n    \"stylers\": [\n      {\n        \"color\": \"#ffffff\"\n      }\n    ]\n  },\n  {\n    \"featureType\": \"road.arterial\",\n    \"elementType\": \"labels.text.fill\",\n    \"stylers\": [\n      {\n        \"color\": \"#757575\"\n      }\n    ]\n  },\n  {\n    \"featureType\": \"road.highway\",\n    \"elementType\": \"geometry\",\n    \"stylers\": [\n      {\n        \"color\": \"#dadada\"\n      }\n    ]\n  },\n  {\n    \"featureType\": \"road.highway\",\n    \"elementType\": \"labels.text.fill\",\n    \"stylers\": [\n      {\n        \"color\": \"#616161\"\n      }\n    ]\n  },\n  {\n    \"featureType\": \"road.local\",\n    \"elementType\": \"labels.text.fill\",\n    \"stylers\": [\n      {\n        \"color\": \"#9e9e9e\"\n      }\n    ]\n  },\n  {\n    \"featureType\": \"transit.line\",\n    \"elementType\": \"geometry\",\n    \"stylers\": [\n      {\n        \"color\": \"#e5e5e5\"\n      }\n    ]\n  },\n  {\n    \"featureType\": \"transit.station\",\n    \"elementType\": \"geometry\",\n    \"stylers\": [\n      {\n        \"color\": \"#eeeeee\"\n      }\n    ]\n  },\n  {\n    \"featureType\": \"water\",\n    \"elementType\": \"geometry\",\n    \"stylers\": [\n      {\n        \"color\": \"#c9c9c9\"\n      }\n    ]\n  },\n  {\n    \"featureType\": \"water\",\n    \"elementType\": \"labels.text.fill\",\n    \"stylers\": [\n      {\n        \"color\": \"#9e9e9e\"\n      }\n    ]\n  }\n]; var styledMap = new google.maps.StyledMapType(styles,{name: \"Styled Map\"});var map_map_69e16825480f2 = new google.maps.Map(document.getElementById('map_69e16825480f2'),mapOptions);map_map_69e16825480f2.mapTypes.set('map_style', styledMap);\n \t\t\t\t\t\t\t map_map_69e16825480f2.setMapTypeId('map_style');\n\t\t\t\t\t\tvar x = 'infowindow_open_value';\n\t\t\t\t\t\tvar marker_map_69e16825480f2 = new google.maps.Marker({\n\t\t\t\t\t\tposition: new google.maps.LatLng('45.44539', '10.98909'),\n\t\t\t\t\t\tanimation:  google.maps.Animation.DROP,\n\t\t\t\t\t\tmap: map_map_69e16825480f2,\n\t\t\t\t\t\ticon: 'https:\/\/ilgarofanorosa.com\/wp-content\/uploads\/2018\/05\/markerGmap.png'\n\t\t\t\t\t});\tgoogle.maps.event.addListener(marker_map_69e16825480f2, 'click', toggleBounce);var infowindow = new google.maps.InfoWindow();\n\t\t\t\t\t\t\tinfowindow.setContent('<div class=\"map_info_text\" style=\\'color:#000;\\'><span>Via 4 Novembre 11 B &#8211; 37126 Verona<\/span><\/div>');google.maps.event.addListener(marker_map_69e16825480f2, 'click', function() {\n\t\t\t\t\t\t\t\tinfowindow.open(map_map_69e16825480f2,marker_map_69e16825480f2);\n\t\t\t\t\t\t  \t});}\n\t\t\tcatch(e){};\n\t\t\tjQuery(document).ready(function($){\n\t\t\t\tgoogle.maps.event.trigger(map_map_69e16825480f2, 'resize');\n\t\t\t\t$(window).on('resize', function(){\n\t\t\t\t\tgoogle.maps.event.trigger(map_map_69e16825480f2, 'resize');\n\t\t\t\t\tif(map_map_69e16825480f2!=null)\n\t\t\t\t\t\tmap_map_69e16825480f2.setCenter(coordinate_map_69e16825480f2);\n\t\t\t\t});\n\t\t\t\t$('.ui-tabs').on('tabsactivate', function(event, ui) {\n\t\t\t\t   if($(this).find('.ultimate-map-wrapper').length > 0)\n\t\t\t\t\t{\n\t\t\t\t\t\tsetTimeout(function(){\n\t\t\t\t\t\t\t$(window).trigger('resize');\n\t\t\t\t\t\t},200);\n\t\t\t\t\t}\n\t\t\t\t});\n\t\t\t\t$('.ui-accordion').on('accordionactivate', function(event, ui) {\n\t\t\t\t   if($(this).find('.ultimate-map-wrapper').length > 0)\n\t\t\t\t\t{\n\t\t\t\t\t\tsetTimeout(function(){\n\t\t\t\t\t\t\t$(window).trigger('resize');\n\t\t\t\t\t\t},200);\n\t\t\t\t\t}\n\t\t\t\t});\n\t\t\t\t$(window).on('load',function(){\n\t\t\t\t\tsetTimeout(function(){\n\t\t\t\t\t\t$(window).trigger('resize');\n\t\t\t\t\t},200);\n\t\t\t\t});\n\t\t\t\t$('.ult_exp_section').on('select', function(){\n\t\t\t\t\tif($(map_map_69e16825480f2).parents('.ult_exp_section'))\n\t\t\t\t\t{\n\t\t\t\t\t\tsetTimeout(function(){\n\t\t\t\t\t\t\t$(window).trigger('resize');\n\t\t\t\t\t\t},200);\n\t\t\t\t\t}\n\t\t\t\t});\n\t\t\t\t$(document).on('onUVCModalPopupOpen', function(){\n\t\t\t\t\tif($(map_map_69e16825480f2).parents('.ult_modal-content'))\n\t\t\t\t\t{\n\t\t\t\t\t\tsetTimeout(function(){\n\t\t\t\t\t\t\t$(window).trigger('resize');\n\t\t\t\t\t\t},200);\n\t\t\t\t\t}\n\t\t\t\t});\n\t\t\t\t$(document).on('click','.ult_tab_li',function(){\n\t\t\t\t\t$(window).trigger('resize');\n\t\t\t\t\tsetTimeout(function(){\n\t\t\t\t\t\t$(window).trigger('resize');\n\t\t\t\t\t},200);\n\t\t\t\t});\n\t\t\t});\n\t\t\tfunction toggleBounce() {\n\t\t\t  if (marker_map_69e16825480f2.getAnimation() != null) {\n\t\t\t\tmarker_map_69e16825480f2.setAnimation(null);\n\t\t\t  } else {\n\t\t\t\tmarker_map_69e16825480f2.setAnimation(google.maps.Animation.BOUNCE);\n\t\t\t  }\n\t\t\t}\n\t\t\t})(jQuery);\n\t\t\t<\/script>[\/vc_column][\/vc_row]<\/p>\n<\/div>","protected":false},"excerpt":{"rendered":"<p>[vc_row disable_element=&#8221;yes&#8221; bg_type=&#8221;bg_color&#8221; el_id=&#8221;vik_search_form&#8221; bg_color_value=&#8221;#d2a9aa&#8221;][vc_column][vc_column_text css=&#8221;.vc_custom_1539070863675{background-position: center !important;background-repeat: no-repeat !important;background-size: cover !important;}&#8221;] R\u00e9server L\u2019appartement [vikbooking view=&#8221;vikbooking&#8221;] [\/vc_column_text][\/vc_column][\/vc_row][vc_row][vc_column][\/vc_column][\/vc_row][vc_row bg_type=&#8221;bg_color&#8221; bg_color_value=&#8221;#66142a&#8221;][vc_column][\/vc_column][\/vc_row][vc_row el_class=&#8221;no-gutter&#8221;][vc_column][\/vc_column][\/vc_row]<\/p>\n","protected":false},"author":1,"featured_media":0,"parent":0,"menu_order":0,"comment_status":"closed","ping_status":"closed","template":"","meta":{"footnotes":""},"_links":{"self":[{"href":"https:\/\/ilgarofanorosa.com\/fr\/wp-json\/wp\/v2\/pages\/1633"}],"collection":[{"href":"https:\/\/ilgarofanorosa.com\/fr\/wp-json\/wp\/v2\/pages"}],"about":[{"href":"https:\/\/ilgarofanorosa.com\/fr\/wp-json\/wp\/v2\/types\/page"}],"author":[{"embeddable":true,"href":"https:\/\/ilgarofanorosa.com\/fr\/wp-json\/wp\/v2\/users\/1"}],"replies":[{"embeddable":true,"href":"https:\/\/ilgarofanorosa.com\/fr\/wp-json\/wp\/v2\/comments?post=1633"}],"version-history":[{"count":33,"href":"https:\/\/ilgarofanorosa.com\/fr\/wp-json\/wp\/v2\/pages\/1633\/revisions"}],"predecessor-version":[{"id":3071,"href":"https:\/\/ilgarofanorosa.com\/fr\/wp-json\/wp\/v2\/pages\/1633\/revisions\/3071"}],"wp:attachment":[{"href":"https:\/\/ilgarofanorosa.com\/fr\/wp-json\/wp\/v2\/media?parent=1633"}],"curies":[{"name":"wp","href":"https:\/\/api.w.org\/{rel}","templated":true}]}}